{"id":8172,"date":"2019-01-11T17:19:43","date_gmt":"2019-01-11T17:19:43","guid":{"rendered":"https:\/\/newmedia.eus\/politica-de-privacidad\/"},"modified":"2020-02-03T11:46:14","modified_gmt":"2020-02-03T11:46:14","slug":"privacy-policy","status":"publish","type":"page","link":"https:\/\/newmedia.eus\/en\/privacy-policy\/","title":{"rendered":"Privacy Policy"},"content":{"rendered":"<p>In accordance with the regulations in force in Protection of Personal Data, we inform you that your data will be incorporated into the processing system owned by <strong>NEW DIGITAL MEDIA EUSKADI S.L.<\/strong> with <strong>CIF B95837654<\/strong> and registered office located in <strong>Morgan Street 2, 48014, BILBAO<\/strong> (BIZKAIA), in order to answer your questions and send you any related information that may be of interest to you. In compliance with the current regulations, <strong>NEW DIGITAL MEDIA EUSKADI S.L.<\/strong> informs that the data will be kept for the period strictly necessary to comply with the above mentioned precepts.<\/p>\n<p>&nbsp;<\/p>\n<p>In <strong>NEW DIGITAL MEDIA EUSKADI S.L.<\/strong> we inform you that we process your data according to your consent for processing of personal data.<\/p>\n<p>&nbsp;<\/p>\n<p><strong>NEW DIGITAL MEDIA EUSKADI S.L. <\/strong><strong>informs that we will process the data in a lawful, fair, transparent, appropriate, relevant, limited, accurate and up-to-date way. That is why <\/strong><strong>NEW DIGITAL MEDIA EUSKADI S.L. <\/strong><strong>undertakes to take all reasonable measures to have them removed or rectified without delay when they are inaccurate.<\/strong><\/p>\n<p>&nbsp;<\/p>\n<p>In accordance with the rights conferred on you by the current data protection regulations you may exercise the rights of access, rectification, limitation of processing, deletion, portability and opposition to the processing of your character data as well as the consent given for the processing thereof, directing your request to the postal address indicated above or to\u00a0 <strong><a href=\"mailto:BEGO.ATIN@GMAIL.COM\">BEGO.ATIN@GMAIL.COM<\/a><\/strong> email.<\/p>\n<p>&nbsp;<\/p>\n<p>You may address yourself to the competent supervisory authority in order to lodge any complaint you deem appropriate.<\/p>\n<p>By submitting the data collection form you accept the privacy policy of <strong>NEW MEDIA EUSKADI S.L<\/strong>.<\/p>\n<p>&nbsp;<\/p>\n<p>En <strong>NEW DIGITAL MEDIA EUSKADI SL<\/strong> le informamos que tratamos sus datos conforme a la existencia de su consentimiento.<\/p>\n<p>&nbsp;<\/p>\n<p><strong>NEW DIGITAL MEDIA EUSKADI SL<\/strong>. Informa que proceder\u00e1 a tratar los datos de manera l\u00edcita, leal, transparente, adecuada, pertinente, limitada, exacta y actualizada. Es por ello que<strong> NEW DIGITAL MEDIA EUSKADI SL<\/strong> se compromete a adoptar todas las medidas razonables para que estos se supriman o rectifiquen sin dilaci\u00f3n cuando sean inexactos.<\/p>\n<p>&nbsp;<\/p>\n<p>De acuerdo con los derechos que le confiere el la normativa vigente en protecci\u00f3n de datos podr\u00e1\u00a0 ejercer los derechos de acceso, rectificaci\u00f3n, limitaci\u00f3n de tratamiento, supresi\u00f3n, portabilidad y oposici\u00f3n al tratamiento de sus datos de car\u00e1cter as\u00ed como del consentimiento prestado para el tratamiento de los mismos, dirigiendo su petici\u00f3n a la direcci\u00f3n postal indicada arriba o al correo electr\u00f3nico <strong><a href=\"mailto:BEGO.ATIN@GMAIL.COM\">BEGO.ATIN@GMAIL.COM<\/a><\/strong><\/p>\n<p>&nbsp;<\/p>\n<p>Podr\u00e1 dirigirse a la Autoridad de Control competente para presentar la reclamaci\u00f3n que considere oportuna.<\/p>\n<p>Con el env\u00edo del formulario de recogida de datos usted acepta la pol\u00edtica de privacidad de <strong>NEW MEDIA EUSKADI SL.<\/strong>[\/vc_column_text][\/vc_column][\/vc_row][vc_row row_background_lines=&#8221;none&#8221; color=&#8221;grey&#8221; align=&#8221;align_center&#8221; style=&#8221;&#8221; border_width=&#8221;&#8221; el_width=&#8221;&#8221; accent_color=&#8221;&#8221; css=&#8221;.vc_custom_1545929243846{margin-top: 20px !important;margin-bottom: 20px !important;}&#8221;][vc_column][vc_empty_space height=&#8221;80px&#8221;][\/vc_column][\/vc_row]<\/p>\n","protected":false},"excerpt":{"rendered":"<p>In accordance with the regulations in force in Protection of Personal Data, we inform you that your data will be incorporated into the processing system owned by NEW DIGITAL MEDIA EUSKADI S.L. with CIF B95837654 and registered office located in Morgan Street 2, 48014, BILBAO (BIZKAIA), in order to answer your questions and send you any related information that may be of interest to you. In compliance with the current regulations, NEW DIGITAL MEDIA EUSKADI S.L. informs that the data will be kept for the period strictly necessary to comply with the above mentioned precepts. &nbsp; In NEW DIGITAL MEDIA EUSKADI S.L. we inform you that we process your data according to your consent for processing of personal data. &nbsp; NEW DIGITAL MEDIA EUSKADI S.L. informs that we will process the data in a lawful, fair, transparent, appropriate, relevant, limited, accurate and up-to-date way. That is why NEW DIGITAL MEDIA EUSKADI S.L. undertakes to take all reasonable measures to have them removed or rectified without delay when they are inaccurate. &nbsp; In accordance with the rights conferred on you by the current data protection regulations you may exercise the rights of access, rectification, limitation of processing, deletion, portability and opposition to the processing of your character data as well as the consent given for the processing thereof, directing your request to the postal address indicated above or to\u00a0 BEGO.ATIN@GMAIL.COM email. &nbsp; You may address yourself to the competent supervisory authority in order to lodge any complaint you deem appropriate. By submitting the data collection form you accept the privacy policy of NEW MEDIA EUSKADI S.L. &nbsp; En NEW DIGITAL MEDIA EUSKADI SL le informamos que tratamos sus datos conforme a la existencia de su consentimiento. &nbsp; NEW DIGITAL MEDIA EUSKADI SL. Informa que proceder\u00e1 a tratar los datos de manera l\u00edcita, leal, transparente, adecuada, pertinente, limitada, exacta y actualizada. Es por ello que NEW DIGITAL MEDIA EUSKADI SL se compromete a adoptar todas las medidas razonables para que estos se supriman o rectifiquen sin dilaci\u00f3n cuando sean inexactos. &nbsp; De acuerdo con los derechos que le confiere el la normativa vigente en protecci\u00f3n de datos podr\u00e1\u00a0 ejercer los derechos de acceso, rectificaci\u00f3n, limitaci\u00f3n de tratamiento, supresi\u00f3n, portabilidad y oposici\u00f3n al tratamiento de sus datos de car\u00e1cter as\u00ed como del consentimiento prestado para el tratamiento de los mismos, dirigiendo su petici\u00f3n a la direcci\u00f3n postal indicada arriba o al correo electr\u00f3nico BEGO.ATIN@GMAIL.COM &nbsp; Podr\u00e1 dirigirse a la Autoridad de Control competente para presentar la reclamaci\u00f3n que considere oportuna. Con el env\u00edo del formulario de recogida de datos usted acepta la pol\u00edtica de privacidad de NEW MEDIA EUSKADI SL.[\/vc_column_text][\/vc_column][\/vc_row][vc_row row_background_lines=&#8221;none&#8221; color=&#8221;grey&#8221; align=&#8221;align_center&#8221; style=&#8221;&#8221; border_width=&#8221;&#8221; el_width=&#8221;&#8221; accent_color=&#8221;&#8221; css=&#8221;.vc_custom_1545929243846{margin-top: 20px !important;margin-bottom: 20px !important;}&#8221;][vc_column][vc_empty_space height=&#8221;80px&#8221;][\/vc_column][\/vc_row]<\/p>\n","protected":false},"author":3,"featured_media":0,"parent":0,"menu_order":0,"comment_status":"closed","ping_status":"closed","template":"","meta":[],"_links":{"self":[{"href":"https:\/\/newmedia.eus\/en\/wp-json\/wp\/v2\/pages\/8172"}],"collection":[{"href":"https:\/\/newmedia.eus\/en\/wp-json\/wp\/v2\/pages"}],"about":[{"href":"https:\/\/newmedia.eus\/en\/wp-json\/wp\/v2\/types\/page"}],"author":[{"embeddable":true,"href":"https:\/\/newmedia.eus\/en\/wp-json\/wp\/v2\/users\/3"}],"replies":[{"embeddable":true,"href":"https:\/\/newmedia.eus\/en\/wp-json\/wp\/v2\/comments?post=8172"}],"version-history":[{"count":2,"href":"https:\/\/newmedia.eus\/en\/wp-json\/wp\/v2\/pages\/8172\/revisions"}],"predecessor-version":[{"id":8223,"href":"https:\/\/newmedia.eus\/en\/wp-json\/wp\/v2\/pages\/8172\/revisions\/8223"}],"wp:attachment":[{"href":"https:\/\/newmedia.eus\/en\/wp-json\/wp\/v2\/media?parent=8172"}],"curies":[{"name":"wp","href":"https:\/\/api.w.org\/{rel}","templated":true}]}}