{"id":8064,"date":"2018-01-11T12:24:03","date_gmt":"2018-01-11T12:24:03","guid":{"rendered":"https:\/\/newmedia.eus\/contacto\/"},"modified":"2020-01-23T18:13:24","modified_gmt":"2020-01-23T18:13:24","slug":"contacto","status":"publish","type":"page","link":"https:\/\/newmedia.eus\/eu\/contacto\/","title":{"rendered":"Kontaktua"},"content":{"rendered":"<p>[vc_row disable_background_image=&#8221;&#8221; row_background_lines=&#8221;none&#8221; simple_background_image=&#8221;6810&#8243;][vc_column offset=&#8221;vc_col-lg-offset-0 vc_col-lg-12 vc_col-md-offset-0 vc_col-md-12 vc_col-sm-offset-0&#8243;][vc_row_inner row_content_width=&#8221;grid&#8221; css=&#8221;.vc_custom_1545054546226{margin-top: 100px !important;}&#8221;][vc_column_inner width=&#8221;1\/2&#8243; offset=&#8221;vc_col-lg-offset-0 vc_col-lg-6 vc_col-md-offset-0 vc_col-md-6 vc_col-sm-offset-0 vc_col-xs-12&#8243;][eltdf_elements_holder holder_full_height=&#8221;no&#8221; number_of_columns=&#8221;one-column&#8221; switch_to_one_column=&#8221;&#8221; alignment_one_column=&#8221;&#8221;][eltdf_elements_holder_item vertical_alignment=&#8221;bottom&#8221; item_padding_1280_1600=&#8221;199px 0 23px 0&#8243; item_padding_1024_1280=&#8221;193px 0 24px 0&#8243; item_padding_768_1024=&#8221;223px 5% 140px 1%&#8221; item_padding_680_768=&#8221;223px 0% 273px 1%&#8221; item_padding_680=&#8221;223px 0 37px 0&#8243;][eltdf_section_title position=&#8221;&#8221; overflow=&#8221;no&#8221; title_tag=&#8221;&#8221; disable_break_words=&#8221;no&#8221; subtitle_tag=&#8221;&#8221; holder_padding=&#8221;0 0% 0 0&#8243; title=&#8221;Ideia bat duzu eta zeure proiektua aurkeztu nahi diguzu?&#8221; subtitle=&#8221;Contacto&#8221; title_color=&#8221;#ffffff&#8221; subtitle_color=&#8221;#ffffff&#8221;][vc_column_text]<span style=\"color: #ffffff;\">Morgan kalea 2A, 2\u00ba-B<\/span><\/p>\n<p><span style=\"color: #ffffff;\">48014 Bilbo, Bizkaia<\/span><\/p>\n<p><span style=\"color: #ffffff;\"><a style=\"color: #ffffff;\" href=\"mailto:info@newmedia.eus\">Helb. el.: info@newmedia.eus<\/a><\/span><\/p>\n<p><span style=\"color: #ffffff;\">Tel.: +34\u00a0944 716 279<\/span>[\/vc_column_text][vc_empty_space height=&#8221;45&#8243;][eltdf_icon icon_pack=&#8221;font_awesome&#8221; fa_icon=&#8221;fa-vimeo&#8221; type=&#8221;eltdf-normal&#8221; target=&#8221;_blank&#8221; icon_color=&#8221;#ffffff&#8221; hover_icon_color=&#8221;#21cadd&#8221; margin=&#8221;0 25px 0 0&#8243; link=&#8221;https:\/\/vimeo.com\/newmediaeuskadi&#8221; custom_size=&#8221;20&#8243;][eltdf_icon icon_pack=&#8221;font_awesome&#8221; fa_icon=&#8221;fa-instagram&#8221; type=&#8221;eltdf-normal&#8221; target=&#8221;_blank&#8221; icon_color=&#8221;#ffffff&#8221; hover_icon_color=&#8221;#21cadd&#8221; margin=&#8221;0 25px 0 0&#8243; link=&#8221;https:\/\/www.instagram.com\/newmediaeuskadi&#8221; custom_size=&#8221;20&#8243;][eltdf_icon icon_pack=&#8221;font_awesome&#8221; fa_icon=&#8221;fa-facebook&#8221; type=&#8221;eltdf-normal&#8221; target=&#8221;_blank&#8221; icon_color=&#8221;#ffffff&#8221; hover_icon_color=&#8221;#21cadd&#8221; margin=&#8221;0 25px 0 0&#8243; link=&#8221;https:\/\/www.facebook.com\/newmediaeuskadi&#8221; custom_size=&#8221;20&#8243;][eltdf_icon icon_pack=&#8221;font_awesome&#8221; fa_icon=&#8221;fa-twitter&#8221; type=&#8221;eltdf-normal&#8221; target=&#8221;_blank&#8221; icon_color=&#8221;#ffffff&#8221; hover_icon_color=&#8221;#21cadd&#8221; margin=&#8221;0 25px 0 0&#8243; link=&#8221;https:\/\/www.twitter.com\/newmediaeuskadi&#8221; custom_size=&#8221;20&#8243;][vc_empty_space height=&#8221;80px&#8221;][\/eltdf_elements_holder_item][\/eltdf_elements_holder][\/vc_column_inner][vc_column_inner width=&#8221;1\/2&#8243; offset=&#8221;vc_col-lg-offset-0 vc_col-lg-6 vc_col-md-offset-0 vc_col-md-6 vc_col-sm-offset-0&#8243; css=&#8221;.vc_custom_1545071581319{margin-top: 250px !important;}&#8221;][eltdf_elements_holder holder_full_height=&#8221;no&#8221; number_of_columns=&#8221;one-column&#8221; switch_to_one_column=&#8221;&#8221; alignment_one_column=&#8221;&#8221;][eltdf_elements_holder_item]\n<div class=\"wpcf7 no-js\" id=\"wpcf7-f401-o1\" lang=\"en-US\" dir=\"ltr\">\n<div class=\"screen-reader-response\"><p role=\"status\" aria-live=\"polite\" aria-atomic=\"true\"><\/p> <ul><\/ul><\/div>\n<form action=\"\/eu\/wp-json\/wp\/v2\/pages\/8064#wpcf7-f401-o1\" method=\"post\" class=\"wpcf7-form init cf7_custom_style_1\" aria-label=\"Contact form\" novalidate=\"novalidate\" data-status=\"init\">\n<div style=\"display: none;\">\n<input type=\"hidden\" name=\"_wpcf7\" value=\"401\" \/>\n<input type=\"hidden\" name=\"_wpcf7_version\" value=\"5.7.7\" \/>\n<input type=\"hidden\" name=\"_wpcf7_locale\" value=\"en_US\" \/>\n<input type=\"hidden\" name=\"_wpcf7_unit_tag\" value=\"wpcf7-f401-o1\" \/>\n<input type=\"hidden\" name=\"_wpcf7_container_post\" value=\"0\" \/>\n<input type=\"hidden\" name=\"_wpcf7_posted_data_hash\" value=\"\" \/>\n<input type=\"hidden\" name=\"_wpcf7_recaptcha_response\" value=\"\" \/>\n<\/div>\n<div class=\"custom-form\">\n\t<p><span class=\"wpcf7-form-control-wrap\" data-name=\"your-name\"><input size=\"40\" class=\"wpcf7-form-control wpcf7-text wpcf7-validates-as-required\" aria-required=\"true\" aria-invalid=\"false\" placeholder=\"NOMBRE\" value=\"\" type=\"text\" name=\"your-name\" \/><\/span><span class=\"wpcf7-form-control-wrap\" data-name=\"your-email\"><input size=\"40\" class=\"wpcf7-form-control wpcf7-text wpcf7-email wpcf7-validates-as-required wpcf7-validates-as-email\" aria-required=\"true\" aria-invalid=\"false\" placeholder=\"EMAIL\" value=\"\" type=\"email\" name=\"your-email\" \/><\/span><span class=\"wpcf7-form-control-wrap\" data-name=\"your-message\"><textarea cols=\"40\" rows=\"10\" class=\"wpcf7-form-control wpcf7-textarea\" aria-invalid=\"false\" placeholder=\"MENSAJE\" name=\"your-message\"><\/textarea><\/span>\n\t<\/p>\n\t<div class=\"consent\">\n\t\t<p class=\"consent-color\">\n\t\t<\/p>\n\t\t<p><span><span class=\"wpcf7-form-control-wrap\" data-name=\"acceptance-279\"><span class=\"wpcf7-form-control wpcf7-acceptance\"><span class=\"wpcf7-list-item\"><input type=\"checkbox\" name=\"acceptance-279\" value=\"1\" aria-invalid=\"false\" \/><\/span><\/span><\/span> He le\u00eddo y acepto el <a target=\"_blank\" rel=\"nofollow noopener noreferrer\" href=\"https:\/\/newmedia.eus\/avisos-legales\">Aviso Legal<\/a> y la <a target=\"_blank\" rel=\"nofollow noopener noreferrer\" href=\"https:\/\/newmedia.eus\/politica-de-privacidad\">Pol\u00edtica de Privacidad<\/a>.<\/span>\n\t\t<\/p>\n\t\t<p><span><span class=\"wpcf7-form-control-wrap\" data-name=\"acceptance-414\"><span class=\"wpcf7-form-control wpcf7-acceptance\"><span class=\"wpcf7-list-item\"><input type=\"checkbox\" name=\"acceptance-414\" value=\"1\" aria-invalid=\"false\" \/><\/span><\/span><\/span> Declaro, bajo mi propia responsabilidad, ser mayor de 18 a\u00f1os y respondo de manera exclusiva de la veracidad de dicha declaraci\u00f3n.<\/span>\n\t\t<\/p>\n\t\t<p><span><span class=\"wpcf7-form-control-wrap\" data-name=\"acceptance-415\"><span class=\"wpcf7-form-control wpcf7-acceptance\"><span class=\"wpcf7-list-item\"><input type=\"checkbox\" name=\"acceptance-415\" value=\"1\" aria-invalid=\"false\" \/><\/span><\/span><\/span> Acepto recibir la informaci\u00f3n que la entidad considere oportuno enviarme por correo electr\u00f3nico o medio de comunicaci\u00f3n electr\u00f3nica equivalente. (Es posible darse de baja en cualquier momento).<\/span>\n\t\t<\/p>\n\t\t<p><input class=\"wpcf7-form-control has-spinner wpcf7-submit\" type=\"submit\" value=\"Enviar\" \/>\n\t\t<\/p>\n\t<\/div>\n<\/div><div class=\"wpcf7-response-output\" aria-hidden=\"true\"><\/div>\n<\/form>\n<\/div>\n[\/eltdf_elements_holder_item][\/eltdf_elements_holder][\/vc_column_inner][\/vc_row_inner][\/vc_column][\/vc_row]<\/p>\n","protected":false},"excerpt":{"rendered":"<p>[vc_row disable_background_image=&#8221;&#8221; row_background_lines=&#8221;none&#8221; simple_background_image=&#8221;6810&#8243;][vc_column offset=&#8221;vc_col-lg-offset-0 vc_col-lg-12 vc_col-md-offset-0 vc_col-md-12 vc_col-sm-offset-0&#8243;][vc_row_inner row_content_width=&#8221;grid&#8221; css=&#8221;.vc_custom_1545054546226{margin-top: 100px !important;}&#8221;][vc_column_inner width=&#8221;1\/2&#8243; offset=&#8221;vc_col-lg-offset-0 vc_col-lg-6 vc_col-md-offset-0 vc_col-md-6 vc_col-sm-offset-0 vc_col-xs-12&#8243;][eltdf_elements_holder holder_full_height=&#8221;no&#8221; number_of_columns=&#8221;one-column&#8221; switch_to_one_column=&#8221;&#8221; alignment_one_column=&#8221;&#8221;][eltdf_elements_holder_item vertical_alignment=&#8221;bottom&#8221; item_padding_1280_1600=&#8221;199px 0 23px 0&#8243; item_padding_1024_1280=&#8221;193px 0 24px 0&#8243; item_padding_768_1024=&#8221;223px 5% 140px 1%&#8221; item_padding_680_768=&#8221;223px 0% 273px 1%&#8221; item_padding_680=&#8221;223px 0 37px 0&#8243;][eltdf_section_title position=&#8221;&#8221; overflow=&#8221;no&#8221; title_tag=&#8221;&#8221; disable_break_words=&#8221;no&#8221; subtitle_tag=&#8221;&#8221; holder_padding=&#8221;0 0% 0 0&#8243; title=&#8221;Ideia bat duzu eta zeure proiektua aurkeztu nahi diguzu?&#8221; subtitle=&#8221;Contacto&#8221; title_color=&#8221;#ffffff&#8221; subtitle_color=&#8221;#ffffff&#8221;][vc_column_text]Morgan kalea 2A, 2\u00ba-B 48014 Bilbo, Bizkaia Helb. el.: info@newmedia.eus Tel.: +34\u00a0944 716 279[\/vc_column_text][vc_empty_space height=&#8221;45&#8243;][eltdf_icon icon_pack=&#8221;font_awesome&#8221; fa_icon=&#8221;fa-vimeo&#8221; type=&#8221;eltdf-normal&#8221; target=&#8221;_blank&#8221; icon_color=&#8221;#ffffff&#8221; hover_icon_color=&#8221;#21cadd&#8221; margin=&#8221;0 25px 0 0&#8243; link=&#8221;https:\/\/vimeo.com\/newmediaeuskadi&#8221; custom_size=&#8221;20&#8243;][eltdf_icon icon_pack=&#8221;font_awesome&#8221; fa_icon=&#8221;fa-instagram&#8221; type=&#8221;eltdf-normal&#8221; target=&#8221;_blank&#8221; icon_color=&#8221;#ffffff&#8221; hover_icon_color=&#8221;#21cadd&#8221; margin=&#8221;0 25px 0 0&#8243; link=&#8221;https:\/\/www.instagram.com\/newmediaeuskadi&#8221; custom_size=&#8221;20&#8243;][eltdf_icon icon_pack=&#8221;font_awesome&#8221; fa_icon=&#8221;fa-facebook&#8221; type=&#8221;eltdf-normal&#8221; target=&#8221;_blank&#8221; icon_color=&#8221;#ffffff&#8221; hover_icon_color=&#8221;#21cadd&#8221; margin=&#8221;0 25px 0 0&#8243; link=&#8221;https:\/\/www.facebook.com\/newmediaeuskadi&#8221; custom_size=&#8221;20&#8243;][eltdf_icon icon_pack=&#8221;font_awesome&#8221; fa_icon=&#8221;fa-twitter&#8221; type=&#8221;eltdf-normal&#8221; target=&#8221;_blank&#8221; icon_color=&#8221;#ffffff&#8221; hover_icon_color=&#8221;#21cadd&#8221; margin=&#8221;0 25px 0 0&#8243; link=&#8221;https:\/\/www.twitter.com\/newmediaeuskadi&#8221; custom_size=&#8221;20&#8243;][vc_empty_space height=&#8221;80px&#8221;][\/eltdf_elements_holder_item][\/eltdf_elements_holder][\/vc_column_inner][vc_column_inner width=&#8221;1\/2&#8243; offset=&#8221;vc_col-lg-offset-0 vc_col-lg-6 vc_col-md-offset-0 vc_col-md-6 vc_col-sm-offset-0&#8243; css=&#8221;.vc_custom_1545071581319{margin-top: 250px !important;}&#8221;][eltdf_elements_holder holder_full_height=&#8221;no&#8221; number_of_columns=&#8221;one-column&#8221; switch_to_one_column=&#8221;&#8221; alignment_one_column=&#8221;&#8221;][eltdf_elements_holder_item][\/eltdf_elements_holder_item][\/eltdf_elements_holder][\/vc_column_inner][\/vc_row_inner][\/vc_column][\/vc_row]<\/p>\n","protected":false},"author":3,"featured_media":0,"parent":0,"menu_order":0,"comment_status":"closed","ping_status":"closed","template":"","meta":[],"_links":{"self":[{"href":"https:\/\/newmedia.eus\/eu\/wp-json\/wp\/v2\/pages\/8064"}],"collection":[{"href":"https:\/\/newmedia.eus\/eu\/wp-json\/wp\/v2\/pages"}],"about":[{"href":"https:\/\/newmedia.eus\/eu\/wp-json\/wp\/v2\/types\/page"}],"author":[{"embeddable":true,"href":"https:\/\/newmedia.eus\/eu\/wp-json\/wp\/v2\/users\/3"}],"replies":[{"embeddable":true,"href":"https:\/\/newmedia.eus\/eu\/wp-json\/wp\/v2\/comments?post=8064"}],"version-history":[{"count":3,"href":"https:\/\/newmedia.eus\/eu\/wp-json\/wp\/v2\/pages\/8064\/revisions"}],"predecessor-version":[{"id":8069,"href":"https:\/\/newmedia.eus\/eu\/wp-json\/wp\/v2\/pages\/8064\/revisions\/8069"}],"wp:attachment":[{"href":"https:\/\/newmedia.eus\/eu\/wp-json\/wp\/v2\/media?parent=8064"}],"curies":[{"name":"wp","href":"https:\/\/api.w.org\/{rel}","templated":true}]}}